{"id":2585,"date":"2022-12-20T16:40:24","date_gmt":"2022-12-20T14:40:24","guid":{"rendered":"https:\/\/www.kasidissa.gr\/netzwerk\/"},"modified":"2022-12-20T16:40:25","modified_gmt":"2022-12-20T14:40:25","slug":"netzwerk","status":"publish","type":"page","link":"https:\/\/www.kasidissa.gr\/de\/netzwerk\/","title":{"rendered":"Netzwerk"},"content":{"rendered":"\t\t<div data-elementor-type=\"wp-page\" data-elementor-id=\"2585\" class=\"elementor elementor-2585 elementor-1069\">\n\t\t\t\t\t\t<header class=\"elementor-section elementor-top-section elementor-element elementor-element-1244b9a2 elementor-section-full_width elementor-section-height-min-height elementor-section-height-default elementor-section-items-middle\" data-id=\"1244b9a2\" data-element_type=\"section\" data-settings=\"{&quot;background_background&quot;:&quot;classic&quot;}\">\n\t\t\t\t\t\t<div class=\"elementor-container elementor-column-gap-no\">\n\t\t\t\t\t<div class=\"elementor-column elementor-col-100 elementor-top-column elementor-element elementor-element-19ac42\" data-id=\"19ac42\" data-element_type=\"column\">\n\t\t\t<div class=\"elementor-widget-wrap\">\n\t\t\t\t\t\t\t<\/div>\n\t\t<\/div>\n\t\t\t\t\t<\/div>\n\t\t<\/header>\n\t\t\t\t<section class=\"elementor-section elementor-top-section elementor-element elementor-element-172374b elementor-section-boxed elementor-section-height-default elementor-section-height-default\" data-id=\"172374b\" data-element_type=\"section\" data-settings=\"{&quot;background_background&quot;:&quot;classic&quot;}\">\n\t\t\t\t\t\t<div class=\"elementor-container elementor-column-gap-default\">\n\t\t\t\t\t<div class=\"elementor-column elementor-col-100 elementor-top-column elementor-element elementor-element-4c0f4f1 animated-slow elementor-invisible\" data-id=\"4c0f4f1\" data-element_type=\"column\" data-settings=\"{&quot;animation&quot;:&quot;fadeIn&quot;}\">\n\t\t\t<div class=\"elementor-widget-wrap elementor-element-populated\">\n\t\t\t\t\t\t<div class=\"elementor-element elementor-element-5afad0a elementor-widget elementor-widget-heading\" data-id=\"5afad0a\" data-element_type=\"widget\" data-widget_type=\"heading.default\">\n\t\t\t\t<div class=\"elementor-widget-container\">\n\t\t\t\t\t<h1 class=\"elementor-heading-title elementor-size-default\">Netzwerk<\/h1>\t\t\t\t<\/div>\n\t\t\t\t<\/div>\n\t\t\t\t<div class=\"elementor-element elementor-element-e012347 elementor-widget elementor-widget-text-editor\" data-id=\"e012347\" data-element_type=\"widget\" data-widget_type=\"text-editor.default\">\n\t\t\t\t<div class=\"elementor-widget-container\">\n\t\t\t\t\t\t\t\t\t<p><span style=\"font-weight: 400;\">KASIDIS SA verf\u00fcgt \u00fcber ein umfangreiches Netzwerk von Partnern, Lieferanten und Verkaufsstellen in Griechenland und im Ausland. Das Unternehmen ist in zehn L\u00e4ndern vertreten, um die t\u00e4gliche Nachfrage zu decken und Hunderte von Kunden und Kundinnen mit hochwertigen Produkten zu beliefern. Es investiert st\u00e4ndig in seine Expansion, wobei Sicherheit, schnelle Lieferung und die Gew\u00e4hrleistung der Qualit\u00e4t seiner Produkte stets oberste Priorit\u00e4t haben.<\/span><\/p>\n\t\t\t\t\t\t\t\t<\/div>\n\t\t\t\t<\/div>\n\t\t\t\t<section class=\"elementor-section elementor-inner-section elementor-element elementor-element-62547fc elementor-section-boxed elementor-section-height-default elementor-section-height-default elementor-invisible\" data-id=\"62547fc\" data-element_type=\"section\" data-settings=\"{&quot;animation&quot;:&quot;headShake&quot;}\">\n\t\t\t\t\t\t<div class=\"elementor-container elementor-column-gap-default\">\n\t\t\t\t\t<div class=\"elementor-column elementor-col-33 elementor-inner-column elementor-element elementor-element-8ecefcd\" data-id=\"8ecefcd\" data-element_type=\"column\" data-settings=\"{&quot;animation&quot;:&quot;none&quot;}\">\n\t\t\t<div class=\"elementor-widget-wrap elementor-element-populated\">\n\t\t\t\t\t\t<div class=\"elementor-element elementor-element-b26b043 elementor-widget elementor-widget-heading\" data-id=\"b26b043\" data-element_type=\"widget\" data-widget_type=\"heading.default\">\n\t\t\t\t<div class=\"elementor-widget-container\">\n\t\t\t\t\t<h2 class=\"elementor-heading-title elementor-size-default\">Zentraler Produktionsstandort<\/h2>\t\t\t\t<\/div>\n\t\t\t\t<\/div>\n\t\t\t\t<div class=\"elementor-element elementor-element-b30b0f1 elementor-widget elementor-widget-text-editor\" data-id=\"b30b0f1\" data-element_type=\"widget\" data-settings=\"{&quot;_animation&quot;:&quot;none&quot;}\" data-widget_type=\"text-editor.default\">\n\t\t\t\t<div class=\"elementor-widget-container\">\n\t\t\t\t\t\t\t\t\t<p><span style=\"font-weight: 400;\">Unser Produktionsstandort befindet sich einen Kilometer von der Ausfahrt \u201eAgia Sofia\u201c an der Bundesstra\u00dfe Tyrnavos-Larisa entfernt<\/span><\/p>\n<p><span style=\"font-weight: 400;\">Postleitzahl: 40100<\/span><\/p>\n<p><span style=\"font-weight: 400;\">Tel.:<a href=\"http:\/\/tel:+30 2410 83 15 20\" target=\"_blank\" rel=\"noopener\">+30 2410 83 15 20<\/a><\/span><\/p>\n<p><span style=\"font-weight: 400;\">Fax:+30 2410 83 15 21<\/span><\/p>\n\t\t\t\t\t\t\t\t<\/div>\n\t\t\t\t<\/div>\n\t\t\t\t\t<\/div>\n\t\t<\/div>\n\t\t\t\t<div class=\"elementor-column elementor-col-33 elementor-inner-column elementor-element elementor-element-4cdc734\" data-id=\"4cdc734\" data-element_type=\"column\" data-settings=\"{&quot;animation&quot;:&quot;none&quot;,&quot;animation_delay&quot;:20}\">\n\t\t\t<div class=\"elementor-widget-wrap elementor-element-populated\">\n\t\t\t\t\t\t<div class=\"elementor-element elementor-element-bf68c04 elementor-widget elementor-widget-heading\" data-id=\"bf68c04\" data-element_type=\"widget\" data-widget_type=\"heading.default\">\n\t\t\t\t<div class=\"elementor-widget-container\">\n\t\t\t\t\t<h2 class=\"elementor-heading-title elementor-size-default\">Standort in Attica<\/h2>\t\t\t\t<\/div>\n\t\t\t\t<\/div>\n\t\t\t\t<div class=\"elementor-element elementor-element-177ce94 elementor-widget elementor-widget-text-editor\" data-id=\"177ce94\" data-element_type=\"widget\" data-widget_type=\"text-editor.default\">\n\t\t\t\t<div class=\"elementor-widget-container\">\n\t\t\t\t\t\t\t\t\t<p><span style=\"font-weight: 400;\">Lykovriseos 15, Metamorfosi<\/span><\/p>\n<p><span style=\"font-weight: 400;\">Postleitzahl: 14452<\/span><\/p>\n<p><span style=\"font-weight: 400;\">Tel.:+30 210 28 22 200<\/span><\/p>\n<p><span style=\"font-weight: 400;\">Fax:+30 210 28 22 300<\/span><\/p>\n\t\t\t\t\t\t\t\t<\/div>\n\t\t\t\t<\/div>\n\t\t\t\t\t<\/div>\n\t\t<\/div>\n\t\t\t\t<div class=\"elementor-column elementor-col-33 elementor-inner-column elementor-element elementor-element-4056610\" data-id=\"4056610\" data-element_type=\"column\" data-settings=\"{&quot;animation&quot;:&quot;none&quot;,&quot;animation_delay&quot;:40}\">\n\t\t\t<div class=\"elementor-widget-wrap elementor-element-populated\">\n\t\t\t\t\t\t<div class=\"elementor-element elementor-element-b317be4 elementor-widget elementor-widget-heading\" data-id=\"b317be4\" data-element_type=\"widget\" data-widget_type=\"heading.default\">\n\t\t\t\t<div class=\"elementor-widget-container\">\n\t\t\t\t\t<h2 class=\"elementor-heading-title elementor-size-default\">Standort in Thessaloniki<\/h2>\t\t\t\t<\/div>\n\t\t\t\t<\/div>\n\t\t\t\t<div class=\"elementor-element elementor-element-c094ab0 elementor-widget elementor-widget-text-editor\" data-id=\"c094ab0\" data-element_type=\"widget\" data-widget_type=\"text-editor.default\">\n\t\t\t\t<div class=\"elementor-widget-container\">\n\t\t\t\t\t\t\t\t\t<p><span style=\"font-weight: 400;\">Terma Aristotelous \u2013 Nea Magnisia<\/span><\/p>\n<p><span style=\"font-weight: 400;\">Postleitzahl: 57008<\/span><\/p>\n<p><span style=\"font-weight: 400;\">Tel.:+30 2310 75 30 54<\/span><\/p>\n<p><span style=\"font-weight: 400;\">Fax:+30 2310 75 30 56<\/span><\/p>\n\t\t\t\t\t\t\t\t<\/div>\n\t\t\t\t<\/div>\n\t\t\t\t\t<\/div>\n\t\t<\/div>\n\t\t\t\t\t<\/div>\n\t\t<\/section>\n\t\t\t\t\t<\/div>\n\t\t<\/div>\n\t\t\t\t\t<\/div>\n\t\t<\/section>\n\t\t\t\t<section class=\"elementor-section elementor-top-section elementor-element elementor-element-9e3f067 elementor-section-boxed elementor-section-height-default elementor-section-height-default elementor-invisible\" data-id=\"9e3f067\" data-element_type=\"section\" data-settings=\"{&quot;animation&quot;:&quot;fadeInUp&quot;}\">\n\t\t\t\t\t\t<div class=\"elementor-container elementor-column-gap-default\">\n\t\t\t\t\t<div class=\"elementor-column elementor-col-100 elementor-top-column elementor-element elementor-element-b1aa643\" data-id=\"b1aa643\" data-element_type=\"column\">\n\t\t\t<div class=\"elementor-widget-wrap elementor-element-populated\">\n\t\t\t\t\t\t<div class=\"elementor-element elementor-element-a933f15 elementor-widget elementor-widget-image\" data-id=\"a933f15\" data-element_type=\"widget\" data-widget_type=\"image.default\">\n\t\t\t\t<div class=\"elementor-widget-container\">\n\t\t\t\t\t\t\t\t\t\t\t\t\t\t\t<img fetchpriority=\"high\" decoding=\"async\" width=\"300\" height=\"275\" src=\"https:\/\/www.kasidissa.gr\/wp-content\/uploads\/2020\/01\/countriesMap-300x275.png\" class=\"attachment-medium size-medium wp-image-1095\" alt=\"\" srcset=\"https:\/\/www.kasidissa.gr\/wp-content\/uploads\/2020\/01\/countriesMap-300x275.png 300w, https:\/\/www.kasidissa.gr\/wp-content\/uploads\/2020\/01\/countriesMap.png 595w\" sizes=\"(max-width: 300px) 100vw, 300px\" \/>\t\t\t\t\t\t\t\t\t\t\t\t\t\t\t<\/div>\n\t\t\t\t<\/div>\n\t\t\t\t<section class=\"elementor-section elementor-inner-section elementor-element elementor-element-b48ae53 elementor-section-boxed elementor-section-height-default elementor-section-height-default\" data-id=\"b48ae53\" data-element_type=\"section\">\n\t\t\t\t\t\t<div class=\"elementor-container elementor-column-gap-default\">\n\t\t\t\t\t<div class=\"elementor-column elementor-col-25 elementor-inner-column elementor-element elementor-element-10aa2f4\" data-id=\"10aa2f4\" data-element_type=\"column\">\n\t\t\t<div class=\"elementor-widget-wrap elementor-element-populated\">\n\t\t\t\t\t\t<div class=\"elementor-element elementor-element-4945d85 elementor-widget elementor-widget-heading\" data-id=\"4945d85\" data-element_type=\"widget\" data-widget_type=\"heading.default\">\n\t\t\t\t<div class=\"elementor-widget-container\">\n\t\t\t\t\t<h2 class=\"elementor-heading-title elementor-size-default\">ALBANIEN<\/h2>\t\t\t\t<\/div>\n\t\t\t\t<\/div>\n\t\t\t\t<div class=\"elementor-element elementor-element-396070f elementor-widget elementor-widget-text-editor\" data-id=\"396070f\" data-element_type=\"widget\" data-widget_type=\"text-editor.default\">\n\t\t\t\t<div class=\"elementor-widget-container\">\n\t\t\t\t\t\t\t\t\t<p>Tirana<br \/>\nPogradec<\/p>\n\t\t\t\t\t\t\t\t<\/div>\n\t\t\t\t<\/div>\n\t\t\t\t<div class=\"elementor-element elementor-element-6f07681 elementor-widget elementor-widget-heading\" data-id=\"6f07681\" data-element_type=\"widget\" data-widget_type=\"heading.default\">\n\t\t\t\t<div class=\"elementor-widget-container\">\n\t\t\t\t\t<h2 class=\"elementor-heading-title elementor-size-default\">BULGARIEN<\/h2>\t\t\t\t<\/div>\n\t\t\t\t<\/div>\n\t\t\t\t<div class=\"elementor-element elementor-element-7bcd3d9 elementor-widget elementor-widget-text-editor\" data-id=\"7bcd3d9\" data-element_type=\"widget\" data-widget_type=\"text-editor.default\">\n\t\t\t\t<div class=\"elementor-widget-container\">\n\t\t\t\t\t\t\t\t\t<p>Sofia<br \/>\nVarna<br \/>\nStara Zagora<br \/>\nBurgas<br \/>\nPlovdiv<\/p>\n\t\t\t\t\t\t\t\t<\/div>\n\t\t\t\t<\/div>\n\t\t\t\t<div class=\"elementor-element elementor-element-493f2c2 elementor-widget elementor-widget-heading\" data-id=\"493f2c2\" data-element_type=\"widget\" data-widget_type=\"heading.default\">\n\t\t\t\t<div class=\"elementor-widget-container\">\n\t\t\t\t\t<h2 class=\"elementor-heading-title elementor-size-default\">ZYPERN<\/h2>\t\t\t\t<\/div>\n\t\t\t\t<\/div>\n\t\t\t\t<div class=\"elementor-element elementor-element-6aaef58 elementor-widget elementor-widget-text-editor\" data-id=\"6aaef58\" data-element_type=\"widget\" data-widget_type=\"text-editor.default\">\n\t\t\t\t<div class=\"elementor-widget-container\">\n\t\t\t\t\t\t\t\t\t<p>Nikosia<\/p>\n\t\t\t\t\t\t\t\t<\/div>\n\t\t\t\t<\/div>\n\t\t\t\t<div class=\"elementor-element elementor-element-4011962 elementor-widget elementor-widget-heading\" data-id=\"4011962\" data-element_type=\"widget\" data-widget_type=\"heading.default\">\n\t\t\t\t<div class=\"elementor-widget-container\">\n\t\t\t\t\t<h2 class=\"elementor-heading-title elementor-size-default\">NORDMAZEDONIEN<\/h2>\t\t\t\t<\/div>\n\t\t\t\t<\/div>\n\t\t\t\t<div class=\"elementor-element elementor-element-b05f1e2 elementor-widget elementor-widget-text-editor\" data-id=\"b05f1e2\" data-element_type=\"widget\" data-widget_type=\"text-editor.default\">\n\t\t\t\t<div class=\"elementor-widget-container\">\n\t\t\t\t\t\t\t\t\t<p>Gavgelia<\/p>\n\t\t\t\t\t\t\t\t<\/div>\n\t\t\t\t<\/div>\n\t\t\t\t\t<\/div>\n\t\t<\/div>\n\t\t\t\t<div class=\"elementor-column elementor-col-25 elementor-inner-column elementor-element elementor-element-8184574\" data-id=\"8184574\" data-element_type=\"column\">\n\t\t\t<div class=\"elementor-widget-wrap elementor-element-populated\">\n\t\t\t\t\t\t<div class=\"elementor-element elementor-element-28b70ed elementor-widget elementor-widget-heading\" data-id=\"28b70ed\" data-element_type=\"widget\" data-widget_type=\"heading.default\">\n\t\t\t\t<div class=\"elementor-widget-container\">\n\t\t\t\t\t<h2 class=\"elementor-heading-title elementor-size-default\">DEUTSCHLAND<\/h2>\t\t\t\t<\/div>\n\t\t\t\t<\/div>\n\t\t\t\t<div class=\"elementor-element elementor-element-3d510f2 elementor-widget elementor-widget-text-editor\" data-id=\"3d510f2\" data-element_type=\"widget\" data-widget_type=\"text-editor.default\">\n\t\t\t\t<div class=\"elementor-widget-container\">\n\t\t\t\t\t\t\t\t\t<p>Frankfurt<br \/>\nM\u00fcnchen<br \/>\nDresden<br \/>\nMannheim<br \/>\nNeuss<br \/>\nStuttgart<br \/>\nHamburg<br \/>\nLeipzig<br \/>\nN\u00fcrnberg<br \/>\nBaden-W\u00fcrttemberg<br \/>\nNeuwerk<br \/>\nM\u00fclheim<\/p>\n\t\t\t\t\t\t\t\t<\/div>\n\t\t\t\t<\/div>\n\t\t\t\t\t<\/div>\n\t\t<\/div>\n\t\t\t\t<div class=\"elementor-column elementor-col-25 elementor-inner-column elementor-element elementor-element-819dafe\" data-id=\"819dafe\" data-element_type=\"column\">\n\t\t\t<div class=\"elementor-widget-wrap elementor-element-populated\">\n\t\t\t\t\t\t<div class=\"elementor-element elementor-element-d04e599 elementor-widget elementor-widget-heading\" data-id=\"d04e599\" data-element_type=\"widget\" data-widget_type=\"heading.default\">\n\t\t\t\t<div class=\"elementor-widget-container\">\n\t\t\t\t\t<h2 class=\"elementor-heading-title elementor-size-default\">ITALIEN<\/h2>\t\t\t\t<\/div>\n\t\t\t\t<\/div>\n\t\t\t\t<div class=\"elementor-element elementor-element-9c39cf9 elementor-widget elementor-widget-text-editor\" data-id=\"9c39cf9\" data-element_type=\"widget\" data-widget_type=\"text-editor.default\">\n\t\t\t\t<div class=\"elementor-widget-container\">\n\t\t\t\t\t\t\t\t\t<p>Trient<br \/>\nBari<br \/>\nMuro Lucano<br \/>\nPontoglio<br \/>\nBenevento<br \/>\nMango<br \/>\nCuneo<br \/>\nNeapel<br \/>\nArdara<br \/>\nFoggia<br \/>\nRossano<\/p>\n\t\t\t\t\t\t\t\t<\/div>\n\t\t\t\t<\/div>\n\t\t\t\t\t<\/div>\n\t\t<\/div>\n\t\t\t\t<div class=\"elementor-column elementor-col-25 elementor-inner-column elementor-element elementor-element-1085667\" data-id=\"1085667\" data-element_type=\"column\">\n\t\t\t<div class=\"elementor-widget-wrap elementor-element-populated\">\n\t\t\t\t\t\t<div class=\"elementor-element elementor-element-e35a3e1 elementor-widget elementor-widget-heading\" data-id=\"e35a3e1\" data-element_type=\"widget\" data-widget_type=\"heading.default\">\n\t\t\t\t<div class=\"elementor-widget-container\">\n\t\t\t\t\t<h2 class=\"elementor-heading-title elementor-size-default\">RUM\u00c4NIEN<\/h2>\t\t\t\t<\/div>\n\t\t\t\t<\/div>\n\t\t\t\t<div class=\"elementor-element elementor-element-202863a elementor-widget elementor-widget-text-editor\" data-id=\"202863a\" data-element_type=\"widget\" data-widget_type=\"text-editor.default\">\n\t\t\t\t<div class=\"elementor-widget-container\">\n\t\t\t\t\t\t\t\t\t<p><span style=\"font-weight: 400;\">Giulvaz<\/span><\/p>\n\t\t\t\t\t\t\t\t<\/div>\n\t\t\t\t<\/div>\n\t\t\t\t<div class=\"elementor-element elementor-element-900adaa elementor-widget elementor-widget-heading\" data-id=\"900adaa\" data-element_type=\"widget\" data-widget_type=\"heading.default\">\n\t\t\t\t<div class=\"elementor-widget-container\">\n\t\t\t\t\t<h2 class=\"elementor-heading-title elementor-size-default\">SPANIEN<\/h2>\t\t\t\t<\/div>\n\t\t\t\t<\/div>\n\t\t\t\t<div class=\"elementor-element elementor-element-560693c elementor-widget elementor-widget-text-editor\" data-id=\"560693c\" data-element_type=\"widget\" data-widget_type=\"text-editor.default\">\n\t\t\t\t<div class=\"elementor-widget-container\">\n\t\t\t\t\t\t\t\t\t<p><span style=\"font-weight: 400;\">Barcelona<\/span><\/p>\n\t\t\t\t\t\t\t\t<\/div>\n\t\t\t\t<\/div>\n\t\t\t\t<div class=\"elementor-element elementor-element-cb4ff21 elementor-widget elementor-widget-heading\" data-id=\"cb4ff21\" data-element_type=\"widget\" data-widget_type=\"heading.default\">\n\t\t\t\t<div class=\"elementor-widget-container\">\n\t\t\t\t\t<h2 class=\"elementor-heading-title elementor-size-default\">SCHWEDEN<\/h2>\t\t\t\t<\/div>\n\t\t\t\t<\/div>\n\t\t\t\t<div class=\"elementor-element elementor-element-40022bb elementor-widget elementor-widget-text-editor\" data-id=\"40022bb\" data-element_type=\"widget\" data-widget_type=\"text-editor.default\">\n\t\t\t\t<div class=\"elementor-widget-container\">\n\t\t\t\t\t\t\t\t\t<p>Stockholm<br \/>\nCaroli City<br \/>\nUpplands Vasby<\/p>\n\t\t\t\t\t\t\t\t<\/div>\n\t\t\t\t<\/div>\n\t\t\t\t<div class=\"elementor-element elementor-element-acb7c04 elementor-widget elementor-widget-heading\" data-id=\"acb7c04\" data-element_type=\"widget\" data-widget_type=\"heading.default\">\n\t\t\t\t<div class=\"elementor-widget-container\">\n\t\t\t\t\t<h2 class=\"elementor-heading-title elementor-size-default\">VEREINIGTES K\u00d6NIGREICH<\/h2>\t\t\t\t<\/div>\n\t\t\t\t<\/div>\n\t\t\t\t<div class=\"elementor-element elementor-element-eba11c0 elementor-widget elementor-widget-text-editor\" data-id=\"eba11c0\" data-element_type=\"widget\" data-widget_type=\"text-editor.default\">\n\t\t\t\t<div class=\"elementor-widget-container\">\n\t\t\t\t\t\t\t\t\t<p>Leicester<\/p>\n\t\t\t\t\t\t\t\t<\/div>\n\t\t\t\t<\/div>\n\t\t\t\t\t<\/div>\n\t\t<\/div>\n\t\t\t\t\t<\/div>\n\t\t<\/section>\n\t\t\t\t\t<\/div>\n\t\t<\/div>\n\t\t\t\t\t<\/div>\n\t\t<\/section>\n\t\t\t\t<section class=\"elementor-section elementor-top-section elementor-element elementor-element-3ea46cf elementor-section-boxed elementor-section-height-default elementor-section-height-default\" data-id=\"3ea46cf\" data-element_type=\"section\" data-settings=\"{&quot;background_background&quot;:&quot;classic&quot;}\">\n\t\t\t\t\t\t<div class=\"elementor-container elementor-column-gap-default\">\n\t\t\t\t\t<div class=\"elementor-column elementor-col-100 elementor-top-column elementor-element elementor-element-8f73a48\" data-id=\"8f73a48\" data-element_type=\"column\">\n\t\t\t<div class=\"elementor-widget-wrap elementor-element-populated\">\n\t\t\t\t\t\t<div class=\"elementor-element elementor-element-e80646b elementor-invisible elementor-widget elementor-widget-image\" data-id=\"e80646b\" data-element_type=\"widget\" data-settings=\"{&quot;_animation&quot;:&quot;fadeInRight&quot;}\" data-widget_type=\"image.default\">\n\t\t\t\t<div class=\"elementor-widget-container\">\n\t\t\t\t\t\t\t\t\t\t\t\t\t\t\t<img decoding=\"async\" width=\"1459\" height=\"750\" src=\"https:\/\/www.kasidissa.gr\/wp-content\/uploads\/2020\/01\/network-bottom.jpg\" class=\"attachment-full size-full wp-image-1075\" alt=\"\" srcset=\"https:\/\/www.kasidissa.gr\/wp-content\/uploads\/2020\/01\/network-bottom.jpg 1459w, https:\/\/www.kasidissa.gr\/wp-content\/uploads\/2020\/01\/network-bottom-300x154.jpg 300w, https:\/\/www.kasidissa.gr\/wp-content\/uploads\/2020\/01\/network-bottom-1024x526.jpg 1024w\" sizes=\"(max-width: 1459px) 100vw, 1459px\" \/>\t\t\t\t\t\t\t\t\t\t\t\t\t\t\t<\/div>\n\t\t\t\t<\/div>\n\t\t\t\t<div class=\"elementor-element elementor-element-56bf8a6 elementor-invisible elementor-widget elementor-widget-text-editor\" data-id=\"56bf8a6\" data-element_type=\"widget\" data-settings=\"{&quot;_animation&quot;:&quot;fadeInLeft&quot;}\" data-widget_type=\"text-editor.default\">\n\t\t\t\t<div class=\"elementor-widget-container\">\n\t\t\t\t\t\t\t\t\t<p><span style=\"font-weight: 400;\">Kasidis SA wei\u00df, dass die Aufrechterhaltung der K\u00fchlkette f\u00fcr die einwandfreie Qualit\u00e4t und Sicherheit unserer Produkte unerl\u00e4sslich ist. Deshalb betreiben wir eine eigene Flotte von K\u00fchlfahrzeugen f\u00fcr die t\u00e4gliche Auslieferung unserer Produkte, entweder von unserem Firmensitz in Larisa und unseren Standorten in Attika und Thessaloniki aus oder \u00fcber unser umfangreiches Netzwerk von Partnern in Griechenland und im Ausland.<\/span><\/p>\n\t\t\t\t\t\t\t\t<\/div>\n\t\t\t\t<\/div>\n\t\t\t\t\t<\/div>\n\t\t<\/div>\n\t\t\t\t\t<\/div>\n\t\t<\/section>\n\t\t\t\t<\/div>\n\t\t","protected":false},"excerpt":{"rendered":"<p>Netzwerk KASIDIS SA verf\u00fcgt \u00fcber ein umfangreiches Netzwerk von Partnern, Lieferanten und Verkaufsstellen in Griechenland und im Ausland. Das Unternehmen ist in zehn L\u00e4ndern vertreten, um die t\u00e4gliche Nachfrage zu decken und Hunderte von Kunden und Kundinnen mit hochwertigen Produkten zu beliefern. Es investiert st\u00e4ndig in seine Expansion, wobei Sicherheit, schnelle Lieferung und die Gew\u00e4hrleistung [&hellip;]<\/p>\n","protected":false},"author":1,"featured_media":0,"parent":0,"menu_order":0,"comment_status":"closed","ping_status":"closed","template":"elementor_header_footer","meta":{"_acf_changed":false,"footnotes":""},"class_list":["post-2585","page","type-page","status-publish","hentry"],"acf":[],"_links":{"self":[{"href":"https:\/\/www.kasidissa.gr\/de\/wp-json\/wp\/v2\/pages\/2585","targetHints":{"allow":["GET"]}}],"collection":[{"href":"https:\/\/www.kasidissa.gr\/de\/wp-json\/wp\/v2\/pages"}],"about":[{"href":"https:\/\/www.kasidissa.gr\/de\/wp-json\/wp\/v2\/types\/page"}],"author":[{"embeddable":true,"href":"https:\/\/www.kasidissa.gr\/de\/wp-json\/wp\/v2\/users\/1"}],"replies":[{"embeddable":true,"href":"https:\/\/www.kasidissa.gr\/de\/wp-json\/wp\/v2\/comments?post=2585"}],"version-history":[{"count":1,"href":"https:\/\/www.kasidissa.gr\/de\/wp-json\/wp\/v2\/pages\/2585\/revisions"}],"predecessor-version":[{"id":2586,"href":"https:\/\/www.kasidissa.gr\/de\/wp-json\/wp\/v2\/pages\/2585\/revisions\/2586"}],"wp:attachment":[{"href":"https:\/\/www.kasidissa.gr\/de\/wp-json\/wp\/v2\/media?parent=2585"}],"curies":[{"name":"wp","href":"https:\/\/api.w.org\/{rel}","templated":true}]}}